{"id":1004,"date":"2026-04-06T19:32:34","date_gmt":"2026-04-06T22:32:34","guid":{"rendered":"https:\/\/ambientlive.com.br\/?page_id=1004"},"modified":"2026-04-06T21:29:26","modified_gmt":"2026-04-07T00:29:26","slug":"politica-de-privacidade-ambient-live","status":"publish","type":"page","link":"https:\/\/ambientlive.com.br\/?page_id=1004","title":{"rendered":"Pol\u00edtica de Privacidade &#8211; Ambient Live"},"content":{"rendered":"\t\t<div data-elementor-type=\"wp-page\" data-elementor-id=\"1004\" class=\"elementor elementor-1004\">\n\t\t\t\t\t\t\t\t\t<section class=\"elementor-section elementor-top-section elementor-element elementor-element-7bb1a48 elementor-section-boxed elementor-section-height-default elementor-section-height-default wpr-particle-no wpr-jarallax-no wpr-parallax-no wpr-sticky-section-no\" data-id=\"7bb1a48\" data-element_type=\"section\">\n\t\t\t\t\t\t<div class=\"elementor-container elementor-column-gap-default\">\n\t\t\t\t\t<div class=\"elementor-column elementor-col-100 elementor-top-column elementor-element elementor-element-5918613\" data-id=\"5918613\" data-element_type=\"column\">\n\t\t\t<div class=\"elementor-widget-wrap elementor-element-populated\">\n\t\t\t\t\t\t\t\t<div class=\"elementor-element elementor-element-a318785 elementor-widget elementor-widget-text-editor\" data-id=\"a318785\" data-element_type=\"widget\" data-widget_type=\"text-editor.default\">\n\t\t\t\t<div class=\"elementor-widget-container\">\n\t\t\t<style>\/*! elementor - v3.13.3 - 22-05-2023 *\/\n.elementor-widget-text-editor.elementor-drop-cap-view-stacked .elementor-drop-cap{background-color:#69727d;color:#fff}.elementor-widget-text-editor.elementor-drop-cap-view-framed .elementor-drop-cap{color:#69727d;border:3px solid;background-color:transparent}.elementor-widget-text-editor:not(.elementor-drop-cap-view-default) .elementor-drop-cap{margin-top:8px}.elementor-widget-text-editor:not(.elementor-drop-cap-view-default) .elementor-drop-cap-letter{width:1em;height:1em}.elementor-widget-text-editor .elementor-drop-cap{float:left;text-align:center;line-height:1;font-size:50px}.elementor-widget-text-editor .elementor-drop-cap-letter{display:inline-block}<\/style>\t\t\t\t<h4 data-path-to-node=\"9,0\"><span dir=\"auto\" style=\"vertical-align: inherit;\"><span dir=\"auto\" style=\"vertical-align: inherit;\"><span dir=\"auto\" style=\"vertical-align: inherit;\">Pol\u00edtica de Privacidade &#8211; Ambient Live<\/span><\/span><\/span><\/h4>\t\t\t\t\t\t<\/div>\n\t\t\t\t<\/div>\n\t\t\t\t\t<\/div>\n\t\t<\/div>\n\t\t\t\t\t\t\t<\/div>\n\t\t<\/section>\n\t\t\t\t<section class=\"elementor-section elementor-top-section elementor-element elementor-element-0604d4b elementor-section-boxed elementor-section-height-default elementor-section-height-default wpr-particle-no wpr-jarallax-no wpr-parallax-no wpr-sticky-section-no\" data-id=\"0604d4b\" data-element_type=\"section\">\n\t\t\t\t\t\t<div class=\"elementor-container elementor-column-gap-default\">\n\t\t\t\t\t<div class=\"elementor-column elementor-col-50 elementor-top-column elementor-element elementor-element-93d2943\" data-id=\"93d2943\" data-element_type=\"column\">\n\t\t\t<div class=\"elementor-widget-wrap elementor-element-populated\">\n\t\t\t\t\t\t\t\t<div class=\"elementor-element elementor-element-08f66d0 elementor-widget elementor-widget-text-editor\" data-id=\"08f66d0\" data-element_type=\"widget\" data-widget_type=\"text-editor.default\">\n\t\t\t\t<div class=\"elementor-widget-container\">\n\t\t\t\t\t\t\t<ul data-path-to-node=\"9,2\"><li><h4 data-path-to-node=\"5,0\"><b data-path-to-node=\"5,1\" data-index-in-node=\"2\" style=\"font-size: 16px;\">A Ambient Live<\/b><span style=\"font-weight: 400; font-size: 16px;\"> est\u00e1 comprometida com a seguran\u00e7a e privacidade dos dados de seus usu\u00e1rios, em total conformidade com a <\/span><b data-path-to-node=\"5,1\" data-index-in-node=\"119\" style=\"font-size: 16px;\">Lei Geral de Prote\u00e7\u00e3o de Dados (Lei n\u00ba 13.709\/2018 &#8211; LGPD)<\/b><span style=\"font-weight: 400; font-size: 16px;\">.<\/span><\/h4><p data-path-to-node=\"5,2\"><b data-path-to-node=\"5,2\" data-index-in-node=\"0\">1. Coleta de Dados:<\/b> Coletamos apenas os dados necess\u00e1rios para o atendimento comercial (Nome, Telefone e E-mail) por meio de nossos formul\u00e1rios e chat oficial.<\/p><p data-path-to-node=\"5,3\"><b data-path-to-node=\"5,3\" data-index-in-node=\"0\">2. Finalidade (Base Legal):<\/b> Utilizamos seus dados com base no seu consentimento ou para a execu\u00e7\u00e3o de contrato (or\u00e7amentos e vendas), garantindo que a comunica\u00e7\u00e3o via WhatsApp seja estritamente profissional.<\/p><p data-path-to-node=\"5,4\"><b data-path-to-node=\"5,4\" data-index-in-node=\"0\">3. Direitos do Titular:<\/b> Em conformidade com a LGPD, voc\u00ea tem o direito de:<\/p><ul data-path-to-node=\"5,5\"><li><p data-path-to-node=\"5,5,0,0\">Confirmar a exist\u00eancia de tratamento de seus dados.<\/p><\/li><li><p data-path-to-node=\"5,5,1,0\">Acessar, corrigir ou excluir seus dados de nossa base.<\/p><\/li><li><p data-path-to-node=\"5,5,2,0\">Revogar o consentimento a qualquer momento.<\/p><\/li><\/ul><p data-path-to-node=\"5,6\"><b data-path-to-node=\"5,6\" data-index-in-node=\"0\">4. Compartilhamento:<\/b> N\u00e3o compartilhamos dados com terceiros para fins de marketing. Os dados s\u00e3o processados atrav\u00e9s da API Oficial da Meta para viabilizar o atendimento.<\/p><p data-path-to-node=\"9,2,3,0\"><span dir=\"auto\" style=\"vertical-align: inherit;\"><span dir=\"auto\" style=\"vertical-align: inherit;\"><span dir=\"auto\" style=\"vertical-align: inherit;\"><span dir=\"auto\" style=\"vertical-align: inherit;\"><span dir=\"auto\" style=\"vertical-align: inherit;\"><span dir=\"auto\" style=\"vertical-align: inherit;\"><span dir=\"auto\" style=\"vertical-align: inherit;\"><span dir=\"auto\" style=\"vertical-align: inherit;\"><b data-path-to-node=\"5,7\" data-index-in-node=\"0\">5. Encarregado de Dados (DPO):<\/b> Para qualquer solicita\u00e7\u00e3o sobre seus dados, entre em contato atrav\u00e9s do e-mail:&nbsp;comercial@ambientlive.com.br<\/span><\/span><\/span><\/span><\/span><\/span><\/span><\/span><\/p>\n<\/li>\n<\/ul>\t\t\t\t\t\t<\/div>\n\t\t\t\t<\/div>\n\t\t\t\t\t<\/div>\n\t\t<\/div>\n\t\t\t\t<div class=\"elementor-column elementor-col-50 elementor-top-column elementor-element elementor-element-9e2f579\" data-id=\"9e2f579\" data-element_type=\"column\">\n\t\t\t<div class=\"elementor-widget-wrap elementor-element-populated\">\n\t\t\t\t\t\t\t\t<div class=\"elementor-element elementor-element-d6d292e elementor-widget elementor-widget-image\" data-id=\"d6d292e\" data-element_type=\"widget\" data-widget_type=\"image.default\">\n\t\t\t\t<div class=\"elementor-widget-container\">\n\t\t\t<style>\/*! elementor - v3.13.3 - 22-05-2023 *\/\n.elementor-widget-image{text-align:center}.elementor-widget-image a{display:inline-block}.elementor-widget-image a img[src$=\".svg\"]{width:48px}.elementor-widget-image img{vertical-align:middle;display:inline-block}<\/style>\t\t\t\t\t\t\t\t\t\t\t\t<img decoding=\"async\" width=\"1024\" height=\"724\" src=\"https:\/\/ambientlive.com.br\/wp-content\/uploads\/2023\/05\/AL-1024x724.png\" class=\"attachment-large size-large wp-image-862\" alt=\"\" loading=\"lazy\" srcset=\"https:\/\/ambientlive.com.br\/wp-content\/uploads\/2023\/05\/AL-1024x724.png 1024w, https:\/\/ambientlive.com.br\/wp-content\/uploads\/2023\/05\/AL-300x212.png 300w, https:\/\/ambientlive.com.br\/wp-content\/uploads\/2023\/05\/AL-768x543.png 768w, https:\/\/ambientlive.com.br\/wp-content\/uploads\/2023\/05\/AL-1536x1086.png 1536w, https:\/\/ambientlive.com.br\/wp-content\/uploads\/2023\/05\/AL-2048x1449.png 2048w\" sizes=\"(max-width: 1024px) 100vw, 1024px\" \/>\t\t\t\t\t\t\t\t\t\t\t\t\t\t\t<\/div>\n\t\t\t\t<\/div>\n\t\t\t\t\t<\/div>\n\t\t<\/div>\n\t\t\t\t\t\t\t<\/div>\n\t\t<\/section>\n\t\t\t\t<section class=\"elementor-section elementor-top-section elementor-element elementor-element-324cda5 elementor-section-boxed elementor-section-height-default elementor-section-height-default wpr-particle-no wpr-jarallax-no wpr-parallax-no wpr-sticky-section-no\" data-id=\"324cda5\" data-element_type=\"section\">\n\t\t\t\t\t\t<div class=\"elementor-container elementor-column-gap-default\">\n\t\t\t\t\t<div class=\"elementor-column elementor-col-100 elementor-top-column elementor-element elementor-element-1456964\" data-id=\"1456964\" data-element_type=\"column\">\n\t\t\t<div class=\"elementor-widget-wrap elementor-element-populated\">\n\t\t\t\t\t\t\t\t<div class=\"elementor-element elementor-element-fbf651d elementor-arrows-position-inside elementor-pagination-position-outside elementor-widget elementor-widget-image-carousel\" data-id=\"fbf651d\" data-element_type=\"widget\" data-settings=\"{&quot;navigation&quot;:&quot;both&quot;,&quot;autoplay&quot;:&quot;yes&quot;,&quot;pause_on_hover&quot;:&quot;yes&quot;,&quot;pause_on_interaction&quot;:&quot;yes&quot;,&quot;autoplay_speed&quot;:5000,&quot;infinite&quot;:&quot;yes&quot;,&quot;speed&quot;:500}\" data-widget_type=\"image-carousel.default\">\n\t\t\t\t<div class=\"elementor-widget-container\">\n\t\t\t<style>\/*! elementor - v3.13.3 - 22-05-2023 *\/\n.elementor-widget-image-carousel .swiper,.elementor-widget-image-carousel .swiper-container{position:static}.elementor-widget-image-carousel .swiper-container .swiper-slide figure,.elementor-widget-image-carousel .swiper .swiper-slide figure{line-height:inherit}.elementor-widget-image-carousel .swiper-slide{text-align:center}.elementor-image-carousel-wrapper:not(.swiper-container-initialized):not(.swiper-initialized) .swiper-slide{max-width:calc(100% \/ var(--e-image-carousel-slides-to-show, 3))}<\/style>\t\t<div class=\"elementor-image-carousel-wrapper swiper\" dir=\"ltr\">\n\t\t\t<div class=\"elementor-image-carousel swiper-wrapper\">\n\t\t\t\t\t\t\t\t<div class=\"swiper-slide\"><figure class=\"swiper-slide-inner\"><img decoding=\"async\" class=\"swiper-slide-image\" src=\"https:\/\/ambientlive.com.br\/wp-content\/uploads\/2026\/04\/escritorio-1-150x150.jpg\" alt=\"escrit\u00f3rio 1\" \/><\/figure><\/div><div class=\"swiper-slide\"><figure class=\"swiper-slide-inner\"><img decoding=\"async\" class=\"swiper-slide-image\" src=\"https:\/\/ambientlive.com.br\/wp-content\/uploads\/2023\/05\/Design-sem-nome-49-150x150.png\" alt=\"Design sem nome (49)\" \/><\/figure><\/div><div class=\"swiper-slide\"><figure class=\"swiper-slide-inner\"><img decoding=\"async\" class=\"swiper-slide-image\" src=\"https:\/\/ambientlive.com.br\/wp-content\/uploads\/2023\/05\/RENDER-CAIXA-COLECAO-Aureo-Salvia-e-Vesuvio-Final-vf-1-1024x767-1-150x150.png\" alt=\"RENDER-CAIXA-COLE\u00c7\u00c3O-\u00c1ureo-S\u00e1lvia-e-Ves\u00favio-Final-vf-1-1024x767\" \/><\/figure><\/div><div class=\"swiper-slide\"><figure class=\"swiper-slide-inner\"><img decoding=\"async\" class=\"swiper-slide-image\" src=\"https:\/\/ambientlive.com.br\/wp-content\/uploads\/2023\/05\/lord-render-1024x996-1-150x150.png\" alt=\"lord-render-1024x996\" \/><\/figure><\/div><div class=\"swiper-slide\"><figure class=\"swiper-slide-inner\"><img decoding=\"async\" class=\"swiper-slide-image\" src=\"https:\/\/ambientlive.com.br\/wp-content\/uploads\/2023\/05\/lord-ambiente-1024x996-1-150x150.png\" alt=\"lord-ambiente-1024x996\" \/><\/figure><\/div><div class=\"swiper-slide\"><figure class=\"swiper-slide-inner\"><img decoding=\"async\" class=\"swiper-slide-image\" src=\"https:\/\/ambientlive.com.br\/wp-content\/uploads\/2023\/05\/cumaru_render-1024x996-1-150x150.png\" alt=\"cumaru_render-1024x996\" \/><\/figure><\/div><div class=\"swiper-slide\"><figure class=\"swiper-slide-inner\"><img decoding=\"async\" class=\"swiper-slide-image\" src=\"https:\/\/ambientlive.com.br\/wp-content\/uploads\/2023\/05\/ambiente-lavanda-e-bambu-1024x1024-1-150x150.jpg\" alt=\"ambiente-lavanda-e-bambu-1024x1024\" \/><\/figure><\/div><div class=\"swiper-slide\"><figure class=\"swiper-slide-inner\"><img decoding=\"async\" class=\"swiper-slide-image\" src=\"https:\/\/ambientlive.com.br\/wp-content\/uploads\/2023\/05\/ambiente-areal-silicio-e-amendoeira-1024x1024-1-150x150.jpg\" alt=\"ambiente-areal-sil\u00edcio-e-amendoeira-1024x1024\" \/><\/figure><\/div><div class=\"swiper-slide\"><figure class=\"swiper-slide-inner\"><img decoding=\"async\" class=\"swiper-slide-image\" src=\"https:\/\/ambientlive.com.br\/wp-content\/uploads\/2023\/05\/ambiente-areal-e-orla-1024x1024-1-150x150.jpg\" alt=\"ambiente-areal-e-orla-1024x1024\" \/><\/figure><\/div><div class=\"swiper-slide\"><figure class=\"swiper-slide-inner\"><img decoding=\"async\" class=\"swiper-slide-image\" src=\"https:\/\/ambientlive.com.br\/wp-content\/uploads\/2023\/05\/09-Castanheira-Natural-e-Azul-Final-5500x4125px_1-1024x768-1-150x150.jpg\" alt=\"09-Castanheira-Natural-e-Azul-Final-5500x4125px_1-1024x768\" \/><\/figure><\/div><div class=\"swiper-slide\"><figure class=\"swiper-slide-inner\"><img decoding=\"async\" class=\"swiper-slide-image\" src=\"https:\/\/ambientlive.com.br\/wp-content\/uploads\/2023\/05\/02-Cozinha-Carvalho-Americano-e-Azul-Sereno-Final-5500x4125px_1-1024x768-2-150x150.jpg\" alt=\"02-Cozinha-Carvalho-Americano-e-Azul-Sereno-Final-5500x4125px_1-1024x768\" \/><\/figure><\/div><div class=\"swiper-slide\"><figure class=\"swiper-slide-inner\"><img decoding=\"async\" class=\"swiper-slide-image\" src=\"https:\/\/ambientlive.com.br\/wp-content\/uploads\/2023\/05\/Design-sem-nome-47-150x150.png\" alt=\"Design sem nome (47)\" \/><\/figure><\/div><div class=\"swiper-slide\"><figure class=\"swiper-slide-inner\"><img decoding=\"async\" class=\"swiper-slide-image\" src=\"https:\/\/ambientlive.com.br\/wp-content\/uploads\/2023\/05\/Design-sem-nome-46-150x150.png\" alt=\"Design sem nome (46)\" \/><\/figure><\/div><div class=\"swiper-slide\"><figure class=\"swiper-slide-inner\"><img decoding=\"async\" class=\"swiper-slide-image\" src=\"https:\/\/ambientlive.com.br\/wp-content\/uploads\/2023\/05\/20230508_143930-150x150.jpg\" alt=\"20230508_143930\" \/><\/figure><\/div><div class=\"swiper-slide\"><figure class=\"swiper-slide-inner\"><img decoding=\"async\" class=\"swiper-slide-image\" src=\"https:\/\/ambientlive.com.br\/wp-content\/uploads\/2023\/05\/20230426_094110-150x150.jpg\" alt=\"20230426_094110\" \/><\/figure><\/div><div class=\"swiper-slide\"><figure class=\"swiper-slide-inner\"><img decoding=\"async\" class=\"swiper-slide-image\" src=\"https:\/\/ambientlive.com.br\/wp-content\/uploads\/2023\/05\/20230426_094100-1-150x150.jpg\" alt=\"20230426_094100 (1)\" \/><\/figure><\/div><div class=\"swiper-slide\"><figure class=\"swiper-slide-inner\"><img decoding=\"async\" class=\"swiper-slide-image\" src=\"https:\/\/ambientlive.com.br\/wp-content\/uploads\/2023\/05\/20230426_094055-150x150.jpg\" alt=\"20230426_094055\" \/><\/figure><\/div><div class=\"swiper-slide\"><figure class=\"swiper-slide-inner\"><img decoding=\"async\" class=\"swiper-slide-image\" src=\"https:\/\/ambientlive.com.br\/wp-content\/uploads\/2023\/05\/25-150x150.png\" alt=\"25\" \/><\/figure><\/div><div class=\"swiper-slide\"><figure class=\"swiper-slide-inner\"><img decoding=\"async\" class=\"swiper-slide-image\" src=\"https:\/\/ambientlive.com.br\/wp-content\/uploads\/2023\/05\/26-150x150.png\" alt=\"26\" \/><\/figure><\/div><div class=\"swiper-slide\"><figure class=\"swiper-slide-inner\"><img decoding=\"async\" class=\"swiper-slide-image\" src=\"https:\/\/ambientlive.com.br\/wp-content\/uploads\/2023\/05\/27-150x150.png\" alt=\"27\" \/><\/figure><\/div><div class=\"swiper-slide\"><figure class=\"swiper-slide-inner\"><img decoding=\"async\" class=\"swiper-slide-image\" src=\"https:\/\/ambientlive.com.br\/wp-content\/uploads\/2023\/05\/28-150x150.png\" alt=\"28\" \/><\/figure><\/div><div class=\"swiper-slide\"><figure class=\"swiper-slide-inner\"><img decoding=\"async\" class=\"swiper-slide-image\" src=\"https:\/\/ambientlive.com.br\/wp-content\/uploads\/2023\/05\/29-150x150.png\" alt=\"29\" \/><\/figure><\/div>\t\t\t<\/div>\n\t\t\t\t\t\t\t\t\t\t\t\t<div class=\"swiper-pagination\"><\/div>\n\t\t\t\t\t\t\t\t\t\t\t\t\t<div class=\"elementor-swiper-button elementor-swiper-button-prev\" role=\"button\" tabindex=\"0\">\n\t\t\t\t\t\t<i aria-hidden=\"true\" class=\"eicon-chevron-left\"><\/i>\t\t\t\t\t\t<span class=\"elementor-screen-only\">Previous image<\/span>\n\t\t\t\t\t<\/div>\n\t\t\t\t\t<div class=\"elementor-swiper-button elementor-swiper-button-next\" role=\"button\" tabindex=\"0\">\n\t\t\t\t\t\t<i aria-hidden=\"true\" class=\"eicon-chevron-right\"><\/i>\t\t\t\t\t\t<span class=\"elementor-screen-only\">Next image<\/span>\n\t\t\t\t\t<\/div>\n\t\t\t\t\t\t\t\t\t<\/div>\n\t\t\t\t<\/div>\n\t\t\t\t<\/div>\n\t\t\t\t\t<\/div>\n\t\t<\/div>\n\t\t\t\t\t\t\t<\/div>\n\t\t<\/section>\n\t\t\t\t\t\t\t<\/div>\n\t\t","protected":false},"excerpt":{"rendered":"<p>Pol\u00edtica de Privacidade &#8211; Ambient Live A Ambient Live est\u00e1 comprometida com a seguran\u00e7a e privacidade dos dados de seus usu\u00e1rios, em total conformidade com a Lei Geral de Prote\u00e7\u00e3o de Dados (Lei n\u00ba 13.709\/2018 &#8211; LGPD). 1. Coleta de Dados: Coletamos apenas os dados necess\u00e1rios para o atendimento comercial (Nome, Telefone e E-mail) por [&hellip;]<\/p>\n","protected":false},"author":1,"featured_media":0,"parent":0,"menu_order":0,"comment_status":"closed","ping_status":"closed","template":"","meta":[],"_links":{"self":[{"href":"https:\/\/ambientlive.com.br\/index.php?rest_route=\/wp\/v2\/pages\/1004"}],"collection":[{"href":"https:\/\/ambientlive.com.br\/index.php?rest_route=\/wp\/v2\/pages"}],"about":[{"href":"https:\/\/ambientlive.com.br\/index.php?rest_route=\/wp\/v2\/types\/page"}],"author":[{"embeddable":true,"href":"https:\/\/ambientlive.com.br\/index.php?rest_route=\/wp\/v2\/users\/1"}],"replies":[{"embeddable":true,"href":"https:\/\/ambientlive.com.br\/index.php?rest_route=%2Fwp%2Fv2%2Fcomments&post=1004"}],"version-history":[{"count":10,"href":"https:\/\/ambientlive.com.br\/index.php?rest_route=\/wp\/v2\/pages\/1004\/revisions"}],"predecessor-version":[{"id":1019,"href":"https:\/\/ambientlive.com.br\/index.php?rest_route=\/wp\/v2\/pages\/1004\/revisions\/1019"}],"wp:attachment":[{"href":"https:\/\/ambientlive.com.br\/index.php?rest_route=%2Fwp%2Fv2%2Fmedia&parent=1004"}],"curies":[{"name":"wp","href":"https:\/\/api.w.org\/{rel}","templated":true}]}}